{"id":140,"date":"2017-05-22T18:02:58","date_gmt":"2017-05-23T00:02:58","guid":{"rendered":"https:\/\/studioarsa.com\/obesityguadalajara\/?page_id=140"},"modified":"2026-04-23T17:19:37","modified_gmt":"2026-04-24T00:19:37","slug":"dr-alejandro-lopez","status":"publish","type":"page","link":"https:\/\/www.obesityguadalajara.com\/en\/dr-alejandro-lopez\/","title":{"rendered":"Dr. Alejandro L\u00f3pez"},"content":{"rendered":"<div class=\"wpb-content-wrapper\"><p>[vc_row type=&#8221;full_width_background&#8221; bg_image=&#8221;108&#8243;][vc_column][vc_raw_html]JTNDZGl2JTIwY2xhc3MlM0QlMjJzZXBhcmFkb3ItbWVudSUyMiUzRSUzQyUyRmRpdiUzRQ==[\/vc_raw_html][vc_row_inner][vc_column_inner width=&#8221;3\/4&#8243;][vc_custom_heading text=&#8221;Dr. Alejandro L\u00f3pez&#8221; font_container=&#8221;tag:h2|font_size:35px|text_align:left|color:%2351baca|line_height:1.2&#8243; use_theme_fonts=&#8221;yes&#8221;][vc_empty_space][vc_column_text]<strong>CIRUJANO CERTIFICADO<\/strong><br \/>\nEspecializado en cirug\u00eda de p\u00e9rdida de peso<\/p>\n<p><em>Alejandro L\u00f3pez, MD ha dedicado una parte significativa de su vida profesional al tratamiento de la obesidad y hacer la cirug\u00eda menos dolorosa con t\u00e9cnicas m\u00ednimamente invasivas.<\/em>[\/vc_column_text][\/vc_column_inner][vc_column_inner width=&#8221;1\/4&#8243;][vc_column_text]<img loading=\"lazy\" decoding=\"async\" class=\"aligncenter size-full wp-image-135\" src=\"https:\/\/studioarsa.com\/obesityguadalajara\/wp-content\/uploads\/2017\/04\/og_doc-lopez_alejandro.jpg\" alt=\"og_doc-lopez_alejandro\" width=\"319\" height=\"319\" srcset=\"https:\/\/www.obesityguadalajara.com\/wp-content\/uploads\/2017\/04\/og_doc-lopez_alejandro.jpg 319w, https:\/\/www.obesityguadalajara.com\/wp-content\/uploads\/2017\/04\/og_doc-lopez_alejandro-150x150.jpg 150w, https:\/\/www.obesityguadalajara.com\/wp-content\/uploads\/2017\/04\/og_doc-lopez_alejandro-300x300.jpg 300w\" sizes=\"auto, (max-width: 319px) 100vw, 319px\" \/>[\/vc_column_text][\/vc_column_inner][\/vc_row_inner][\/vc_column][\/vc_row][vc_row][vc_column][vc_row_inner][vc_column_inner][vc_column_text]<\/p>\n<h2>ACERCA DEL DR. ALEJANDRO L\u00d3PEZ<\/h2>\n<div class=\"separador\" style=\"height: 1px; background: #8cbb1c; margin-top: 10px; margin-bottom: 0px; float: left;\"><\/div>\n<p>El Dr. Alejandro L\u00f3pez recibi\u00f3 entrenamiento avanzado de becas en cirug\u00eda de p\u00e9rdida de peso en el Hospital del Condado de Cook en Chicago, Illinois. El Dr. L\u00f3pez es ahora el Director M\u00e9dico de Alo Bariatrics en M\u00e9xico. Tiene amplia experiencia en cirug\u00eda laparosc\u00f3pica y amplia experiencia en cirug\u00eda para procedimientos bari\u00e1tricos, incluyendo bypass g\u00e1strico laparosc\u00f3pico, banda g\u00e1strica ajustable (Lap-Band\u00ae), gastrectom\u00eda con manguito, procedimientos de revisi\u00f3n bari\u00e1trica y plicatura g\u00e1strica.<\/p>\n<p>El Dr. L\u00f3pez ha realizado m\u00e1s de 5.000 procedimientos de cirug\u00eda bari\u00e1trica desde 2005 y ha recibido numerosos premios por su trabajo en cirug\u00eda bari\u00e1trica. El Dr. Lopez creci\u00f3 en Guadalajara, M\u00e9xico y recibi\u00f3 su t\u00edtulo de M\u00e9dico de la Universidad de Guadalajara. Su residencia en cirug\u00eda general fue completada en el Centro M\u00e9dico Nacional del Oeste. IMSS. \u00c9l entonces comenz\u00f3 el entrenamiento con beca en el hospital del condado de Cook Chicago Il.[\/vc_column_text][vc_empty_space][\/vc_column_inner][\/vc_row_inner][vc_row_inner css=&#8221;.vc_custom_1495496140650{background-color: #205dab !important;}&#8221;][vc_column_inner][vc_column_text el_class=&#8221;col-white&#8221;]<\/p>\n<p style=\"text-align: center;\"><em><span class=\"txt-biggie\">&#8220;S\u00e9 que mi vasta experiencia cl\u00ednica y mi entrenamiento me permitir\u00e1n proporcionar un cuidado \u00f3ptimo a mis pacientes. Me gusta creer que mis pacientes est\u00e1n entre los miembros de mi familia y quiero que los miembros de mi familia sean tratados con respeto, dignidad y amor&#8230; &#8220;<\/span><\/em><\/p>\n<p style=\"text-align: center;\">-Dr. Alejandro L\u00f3pez<\/p>\n<p>[\/vc_column_text][vc_empty_space][\/vc_column_inner][\/vc_row_inner][vc_row_inner][vc_column_inner][vc_column_text]El Dr. L\u00f3pez ofrece un cuidado personal e individual excepcional a todos sus pacientes. \u00c9l cree que el paciente viene primero. Cada visita a la oficina es una reuni\u00f3n individual con el Dr. L\u00f3pez. Siempre est\u00e1 disponible para atender sus inquietudes y preguntas. Desde su primera visita a cada visita posterior, puede estar seguro de que estar\u00e1 en manos preocupadas y cari\u00f1osas.<\/p>\n<p>El Dr. Alejandro L\u00f3pez le proporcionar\u00e1 una opini\u00f3n amistosa y honesta sobre su idoneidad para la cirug\u00eda, poniendo su seguridad y bienestar como la primera prioridad. Presta especial atenci\u00f3n al cuidado pre y postoperatorio para optimizar el resultado de su operaci\u00f3n y proporcionarle una recuperaci\u00f3n suave despu\u00e9s de la cirug\u00eda.[\/vc_column_text][\/vc_column_inner][\/vc_row_inner][\/vc_column][\/vc_row][vc_row type=&#8221;full_width_background&#8221; bg_color=&#8221;#15a3b7&#8243;][vc_column][vc_row_inner][vc_column_inner][vc_column_text el_class=&#8221;col-white&#8221;]<\/p>\n<h2 class=\"col-white\">EXPERIENCIA EDUCACI\u00d3N Y FORMACI\u00d3N<\/h2>\n<p>MEDICINA<br \/>\n\u2022 Pregrado: Centro Universitario de Ciencias de la Salud \u2022 Facultad de Medicina: Universidad de Guadalajara<\/p>\n<p>ROTACI\u00d3N DE INTERNADO<br \/>\n\u2022 Residencia: Hospital General Regional 46<\/p>\n<p>SERVICIO SOCIAL<br \/>\n\u2022 Residencia: Unidad de Investigaci\u00f3n M\u00e9dica en Epidemiolog\u00eda IMSS, Jalisco<\/p>\n<p>ESPECIALIZACI\u00d3N EN CIRUG\u00cdA GENERAL<br \/>\n\u2022 Beca: Western National Medical Center. El IMSS<\/p>\n<p>ROTACI\u00d3N EN EL 2\u00ba A\u00d1O DE CIRUG\u00cdA GENERAL<br \/>\n\u2022 Residencia: Cook County Hospital Chicago, IL. Es\u00f3fago, cirug\u00eda laparosc\u00f3pica y rob\u00f3tica<\/p>\n<p>CURSO TE\u00d3RICO PR\u00c1CTICO DE LA CIRUG\u00cdA ENDOSC\u00d3PICA B\u00c1SICA<br \/>\n\u2022 Valor Curricular 200 horas: Garantizado por la Asociaci\u00f3n Mexicana de Cirug\u00eda Endosc\u00f3pica y por el IMSS<\/p>\n<p>GRADUADO EN CIRUG\u00cdA LAPAROSC\u00d3PICA OUTPOST Y CIRUG\u00cdA BARI\u00c1TRICA<br \/>\n\u2022 Valor Curricular 420 horas: Garantizado por la Asociaci\u00f3n Mexicana de Cirug\u00eda Endosc\u00f3pica y por el IMSS<\/p>\n<p>ENTRENAMIENTO EN POSICIONAMIENTO LAPAROSC\u00d3PICO LAP BAND<br \/>\n\u2022 Garantizado por Lap-Band como Cirujano Certificado en Posicionamiento laparosc\u00f3pico de Banda G\u00e1strica[\/vc_column_text][\/vc_column_inner][\/vc_row_inner][\/vc_column][\/vc_row][vc_row][vc_column][vc_row_inner][vc_column_inner][vc_column_text]<\/p>\n<h2>PUBLICACIONES<\/h2>\n<p>El Dr. Alejandro L\u00f3pez ha sido publicado en art\u00edculos sobre cirug\u00eda bari\u00e1trica y laparosc\u00f3pica en muchas revistas quir\u00fargicas incluyendo:<\/p>\n<p><span class=\"col-green\">\u2022<\/span> L\u00f3pez Ortega A, Avalos Gonz\u00e1lez J, Muci\u00f1o Hern\u00e1ndez MI, Larios Arceo F., Salda\u00f1a Cort\u00e9s JA, Gonz\u00e1lez Ojeda A. Dehiscencia esofagogastrostom\u00eda cervical despu\u00e9s de la suspensi\u00f3n g\u00e1strica para la atresia esof\u00e1gica tipo I. Caso cl\u00ednico de un paciente tratado con \u00e9xito con cola de fibrina y una revisi\u00f3n de la literatura. Rev Gastroenterol Mex. 2003 oct-diciembre, 68 (4): 288-92.<\/p>\n<p><span class=\"col-green\">\u2022<\/span> Gonz\u00e1lez-Ojeda A, Avalos-Gonz\u00e1lez J, Muci\u00f1o-Hern\u00e1ndez MI, L\u00f3pez-Ortega A, Fuentes-Orozco C, S\u00e1nchez-Hochoa M, Anaya-Prado R, Arenas-M\u00e1rquez H. Cola de fibrina como tratamiento adyuvante para f\u00edstula gastrocut\u00e1nea despu\u00e9s de gastrostom\u00eda Extracci\u00f3n del tubo. 2004 Abr; 36 (4): 337-41.<\/p>\n<p><span class=\"col-green\">\u2022<\/span> Fuentes-Orozco C, G de Cervantes-Guevara, Muci\u00f1o-Hern\u00e1ndez I, L\u00f3pez-Ortega A, G de Ambriz-Gonz\u00e1lez, G\u00f3mez-Herrera E, Hermosillo-Sandoval JM, Gonz\u00e1lez-Ojeda A. L -alanil-L-glutamina-nutrici\u00f3n parenteral suplementada disminuye la tasa de morbilidad infecciosa en pacientes con pancreatitis aguda grave. JPEN J Parenter Enteral Nutr. 2008 Jul-Ago; 32 (4): 403-11.<\/p>\n<p><span class=\"col-green\">\u2022<\/span> Jacqueline Osuna-Rubio, Jos\u00e9 Manuel Hermosillo-Sandoval, Germ\u00e1n L\u00f3pez-Guill\u00e9n, Alejandro Maciel-Miranda, Clotilde Fuentes-Orozco, Andrea Socorro \u00c1lvarez-Villase\u00f1or, Alejandro Gonz\u00e1lez-Ojeda, Dr. Alejandro L\u00f3pez Ortega. Efecto del tama\u00f1o de la incisi\u00f3n en la gravedad de la lesi\u00f3n de v\u00eda biliar posterior. Gaceta M\u00e9dica de M\u00e9xico. 2008; 144 (3).[\/vc_column_text][\/vc_column_inner][\/vc_row_inner][vc_empty_space][vc_row_inner][vc_column_inner][vc_column_text]<\/p>\n<h2>MEMBRES\u00cdAS Y AFILIACIONES<\/h2>\n<p><span class=\"col-blue\">\u2022<\/span> Asociaci\u00f3n Mexicana de Cirug\u00eda Endosc\u00f3pica (AMCE) Desde Mayo de 2008<br \/>\n<span class=\"col-blue\">\u2022<\/span> La Federaci\u00f3n Internacional para la Cirug\u00eda de la Obesidad y los Trastornos Metab\u00f3licos (IFSO) Desde 2013<br \/>\n<span class=\"col-blue\">\u2022<\/span> Sociedad Americana de Cirug\u00eda Metab\u00f3lica y Bari\u00e1trica (ASMBS). Desde el 2013<br \/>\n<span class=\"col-blue\">\u2022<\/span> Colegio Mexicano de Cirug\u00eda para la Obesidad y Enfermedades Metab\u00f3licas (CMCOEM). Desde 2011<br \/>\n<span class=\"col-blue\">\u2022<\/span> Consejo Mexicano de Cirug\u00eda General (CMCG). Desde el 2009[\/vc_column_text][\/vc_column_inner][\/vc_row_inner][\/vc_column][\/vc_row]<\/p>\n<\/div>","protected":false},"excerpt":{"rendered":"<p>[vc_row type=&#8221;full_width_background&#8221; bg_image=&#8221;108&#8243;][vc_column][vc_raw_html]JTNDZGl2JTIwY2xhc3MlM0QlMjJzZXBhcmFkb3ItbWVudSUyMiUzRSUzQyUyRmRpdiUzRQ==[\/vc_raw_html][vc_row_inner][vc_column_inner width=&#8221;3\/4&#8243;][vc_custom_heading text=&#8221;Dr. Alejandro L\u00f3pez&#8221; font_container=&#8221;tag:h2|font_size:35px|text_align:left|color:%2351baca|line_height:1.2&#8243; use_theme_fonts=&#8221;yes&#8221;][vc_empty_space][vc_column_text]CIRUJANO CERTIFICADO Especializado en cirug\u00eda de p\u00e9rdida de peso Alejandro L\u00f3pez, MD ha dedicado una parte significativa de su vida profesional al tratamiento de la obesidad y hacer la cirug\u00eda menos dolorosa con t\u00e9cnicas m\u00ednimamente invasivas.[\/vc_column_text][\/vc_column_inner][vc_column_inner width=&#8221;1\/4&#8243;][vc_column_text][\/vc_column_text][\/vc_column_inner][\/vc_row_inner][\/vc_column][\/vc_row][vc_row][vc_column][vc_row_inner][vc_column_inner][vc_column_text] ACERCA DEL DR. ALEJANDRO L\u00d3PEZ El Dr. Alejandro L\u00f3pez recibi\u00f3 [&hellip;]<\/p>\n","protected":false},"author":1,"featured_media":0,"parent":0,"menu_order":0,"comment_status":"closed","ping_status":"closed","template":"","meta":{"footnotes":""},"class_list":["post-140","page","type-page","status-publish","hentry"],"_links":{"self":[{"href":"https:\/\/www.obesityguadalajara.com\/en\/wp-json\/wp\/v2\/pages\/140","targetHints":{"allow":["GET"]}}],"collection":[{"href":"https:\/\/www.obesityguadalajara.com\/en\/wp-json\/wp\/v2\/pages"}],"about":[{"href":"https:\/\/www.obesityguadalajara.com\/en\/wp-json\/wp\/v2\/types\/page"}],"author":[{"embeddable":true,"href":"https:\/\/www.obesityguadalajara.com\/en\/wp-json\/wp\/v2\/users\/1"}],"replies":[{"embeddable":true,"href":"https:\/\/www.obesityguadalajara.com\/en\/wp-json\/wp\/v2\/comments?post=140"}],"version-history":[{"count":4,"href":"https:\/\/www.obesityguadalajara.com\/en\/wp-json\/wp\/v2\/pages\/140\/revisions"}],"predecessor-version":[{"id":689,"href":"https:\/\/www.obesityguadalajara.com\/en\/wp-json\/wp\/v2\/pages\/140\/revisions\/689"}],"wp:attachment":[{"href":"https:\/\/www.obesityguadalajara.com\/en\/wp-json\/wp\/v2\/media?parent=140"}],"curies":[{"name":"wp","href":"https:\/\/api.w.org\/{rel}","templated":true}]}}